{"id":3,"date":"2025-02-09T15:17:08","date_gmt":"2025-02-09T14:17:08","guid":{"rendered":"https:\/\/hirekegyhelyen.live\/napihirek\/?page_id=3"},"modified":"2025-02-09T15:19:48","modified_gmt":"2025-02-09T14:19:48","slug":"adatkezelesi-tajekoztato","status":"publish","type":"page","link":"https:\/\/hirekegyhelyen.live\/napihirek\/adatkezelesi-tajekoztato\/","title":{"rendered":"Adatkezel\u00e9si t\u00e1j\u00e9koztat\u00f3"},"content":{"rendered":"<p><strong>Adatkezel\u00e9si t\u00e1j\u00e9koztat\u00f3<\/strong><\/p>\n<p>Adatv\u00e9delmi nyilatkozat<br \/>\nKik vagyunk<br \/>\nA weboldalunk c\u00edme: https:\/\/hirekegyhelyen.live\/napihirek<\/p>\n<p>Melyek azok a szem\u00e9lyes adatok, amiket gy\u0171jt\u00fcnk \u00e9s milyen c\u00e9llal gy\u0171jtj\u00fck ezeket<br \/>\nHozz\u00e1sz\u00f3l\u00e1sok<br \/>\nHozz\u00e1sz\u00f3l\u00e1s bek\u00fcld\u00e9sekor a hozz\u00e1sz\u00f3l\u00e1si \u0171rlapban megadottakon k\u00edv\u00fcl begy\u0171jt\u00e9sre ker\u00fcl a hozz\u00e1sz\u00f3l\u00f3 IP c\u00edme \u00e9s a b\u00f6ng\u00e9sz\u0151azonos\u00edt\u00f3 karakterl\u00e1nc a k\u00e9retlen tartalmak kisz\u0171r\u00e9se c\u00e9lj\u00e1b\u00f3l.<\/p>\n<p>Egy szem\u00e9lytelen\u00edtett, az e-mail c\u00edmb\u0151l el\u0151\u00e1ll\u00edtott karakterl\u00e1nc (hashnek szok\u00e1s nevezni) ker\u00fcl tov\u00e1bb\u00edt\u00e1sra a Gravatar szolg\u00e1ltat\u00e1s fel\u00e9, ha ez az oldalon haszn\u00e1latban van. A Gravatar szolg\u00e1ltat\u00e1s felt\u00e9telei az al\u00e1bbi c\u00edmen tekinthet\u0151ek meg: https:\/\/automattic.com\/privacy\/. A hozz\u00e1sz\u00f3l\u00e1s elfogad\u00e1sa ut\u00e1n, a hozz\u00e1sz\u00f3l\u00e1sunk tartalma \u00e9s a profil k\u00e9p\u00fcnk is megjelenik nyilv\u00e1nosan.<\/p>\n<p>M\u00e9dia<br \/>\nAmennyiben regisztr\u00e1lt felhaszn\u00e1l\u00f3 \u00e1ltal ker\u00fcl k\u00e9p felt\u00f6lt\u00e9sre a honlapra, ker\u00fclni kell az az olyan EXIF-eket, amelyekben GPS poz\u00edci\u00f3 adatok is szerepelnek. A honlap l\u00e1togat\u00f3i ezeket let\u00f6lthetik \u00e9s kinyerhetik a helyadatokat a honlapon tal\u00e1lhat\u00f3 k\u00e9pekb\u0151l.<\/p>\n<p>Kapcsolatfelv\u00e9teli \u0171rlapok<br \/>\nS\u00fctik<br \/>\nHa hozz\u00e1sz\u00f3l\u00e1st adsz a honlapodon, bejelentkezve maradhatsz a megadott neved, e-mail-ed \u00e9s webc\u00edmed elt\u00e1rol\u00e1s\u00e1val egy s\u00fctiben. A t\u00e1rol\u00e1s a te k\u00e9nyelmi c\u00e9lokat szolg\u00e1lja az\u00e9rt, hogy a k\u00f6vetkez\u0151 hozz\u00e1sz\u00f3l\u00e1skor ezeket az adatmez\u0151ket ne kelljen kit\u00f6ltened. Ezeknek a s\u00fctiknek a lej\u00e1rati ideje 1 \u00e9v.<\/p>\n<p>Ha ell\u00e1togatunk a bejelentkez\u00e9si oldalra, akkor \u00e1tmeneti s\u00fctiket \u00e1ll\u00edtunk be annak \u00e9rdek\u00e9ben, hogy meg\u00e1llap\u00edtsuk, hogy a b\u00f6ng\u00e9sz\u0151 elfogadja-e a s\u00fctiket. Ezek a s\u00fctik nem tartalmaznak szem\u00e9lyes inform\u00e1ci\u00f3t, \u00e9s t\u00f6rl\u0151dnek, ahogy bez\u00e1rjuk a b\u00f6ng\u00e9sz\u0151t.<\/p>\n<p>A honlapra t\u00f6rt\u00e9n\u0151 bejelentkez\u00e9skor t\u00f6bb s\u00fctit hozunk l\u00e9tre, amely elmenti a bejelentkez\u00e9si inform\u00e1ci\u00f3t \u00e9s a szerkeszt\u0151fel\u00fclet megjelen\u00edt\u00e9si opci\u00f3it. A bejelentkez\u00e9si s\u00fctik k\u00e9t napig \u00e9rv\u00e9nyesek, a szerkeszt\u0151fel\u00fclet megjelen\u00edt\u00e9si opci\u00f3it t\u00e1rol\u00f3 s\u00fcti egy \u00e9vig. Amennyiben az \u201eEml\u00e9kezz r\u00e1m\u201d opci\u00f3t bejel\u00f6lj\u00fck, a bejelentkez\u00e9s k\u00e9t h\u00e9tig folytat\u00f3dik. Kijelentkez\u00e9skor a bejelentkez\u00e9si s\u00fctik elt\u00e1vol\u00edt\u00e1sra ker\u00fclnek.<\/p>\n<p>Amennyiben bejegyz\u00e9st vagy oldalt szerkeszt\u00fcnk, egy \u00fajabb s\u00fctit t\u00e1rol el a b\u00f6ng\u00e9sz\u0151nk. Ez a s\u00fcti nem tartalmaz szem\u00e9lyes adatot, egyszer\u0171en csak a bejegyz\u00e9s azonos\u00edt\u00f3 sz\u00e1m\u00e1t t\u00e1rolja, amelyet szerkesztett\u00fcnk. Egy nap m\u00falva j\u00e1r le az \u00e9rv\u00e9nyess\u00e9ge.<\/p>\n<p>M\u00e1s honlapokr\u00f3l sz\u00e1rmaz\u00f3 be\u00e1gyazott tartalmak<br \/>\nA honlapon el\u00e9rhet\u0151 bejegyz\u00e9sek k\u00fcls\u0151 forr\u00e1sb\u00f3l sz\u00e1rmaz\u00f3 be\u00e1gyazott tartalmakat (pl. vide\u00f3k, k\u00e9pek, cikkek stb.) haszn\u00e1lhatnak. A k\u00fcls\u0151 forr\u00e1sb\u00f3l sz\u00e1rmaz\u00f3 be\u00e1gyazott tartalmak pontosan \u00fagy viselkednek, mintha megl\u00e1togattunk volna egy m\u00e1sik honlapot.<\/p>\n<p>Ezek a webhelyek lehets\u00e9ges, hogy adatot gy\u0171jtenek a l\u00e1togat\u00f3kr\u00f3l, s\u00fctiket vagy harmadik f\u00e9lt\u0151l sz\u00e1rmaz\u00f3 k\u00f6vet\u0151k\u00f3dot haszn\u00e1lnak, figyelik a be\u00e1gyazott tartalommal kapcsolatos felhaszn\u00e1l\u00f3i viselked\u00e9st, ha rendelkez\u00fcnk felhaszn\u00e1l\u00f3i fi\u00f3kkal \u00e9s be vagyunk jelentkezve az oldalra.<\/p>\n<p>Analitika<br \/>\nKivel osztjuk meg a felhaszn\u00e1l\u00f3i adatokat<br \/>\nA Szolg\u00e1ltat\u00e1s felhaszn\u00e1l\u00f3i sz\u00e1m\u00edt\u00f3g\u00e9peinek egyes adatai \u00e9s IP c\u00edmei a honlap-l\u00e1togatotts\u00e1gi adatok gener\u00e1l\u00e1sa, a Szolg\u00e1ltat\u00e1s megfelel\u0151 m\u0171k\u00f6dtet\u00e9s\u00e9nek biztos\u00edt\u00e1sa c\u00e9lj\u00e1b\u00f3l napl\u00f3z\u00e1sra ker\u00fclnek. Ezek az adatok bizonyos esetekben szem\u00e9lyes adatoknak min\u0151s\u00fclnek. A napl\u00f3f\u00e1jlokr\u00f3l statisztika k\u00e9sz\u00fcl \u00e9s a napl\u00f3-\u00e1llom\u00e1nyok maximum egy \u00e9vig ker\u00fclnek t\u00e1rol\u00e1sra az \u00dczemeltet\u0151 szerver\u00e9n. A felhaszn\u00e1l\u00f3k IP c\u00edmeit az \u00dczemeltet\u0151 semmilyen olyan m\u00e1s adathoz nem k\u00f6ti, amely alapj\u00e1n a felhaszn\u00e1l\u00f3 szem\u00e9lye azonos\u00edthat\u00f3 lenne.<\/p>\n<p>2.3 \u201cCookie\u201d-k elhelyez\u00e9se, c\u00e9lja<\/p>\n<p>A Szolg\u00e1ltat\u00e1s egyes r\u00e9szeinek haszn\u00e1latakor az \u00dczemeltet\u0151 kism\u00e9ret\u0171, a felhaszn\u00e1l\u00f3val k\u00f6zvetlen\u00fcl kapcsolatba nem hozhat\u00f3 adatokat is tartalmaz\u00f3 adatf\u00e1jlokat (cookie) telep\u00edt a felhaszn\u00e1l\u00f3 sz\u00e1m\u00edt\u00f3g\u00e9p\u00e9re adatfeljegyz\u00e9s, a felhaszn\u00e1l\u00f3 azonos\u00edt\u00e1sa, a felhaszn\u00e1l\u00f3 tov\u00e1bbi l\u00e1togat\u00e1sainak megk\u00f6nny\u00edt\u00e9se, a Szolg\u00e1ltat\u00e1s hat\u00e9konys\u00e1g\u00e1nak n\u00f6vel\u00e9se, az adott felhaszn\u00e1l\u00f3 sz\u00e1m\u00e1ra c\u00e9lzott rekl\u00e1m vagy egy\u00e9b c\u00e9lzott tartalom eljuttat\u00e1sa vagy piackutat\u00e1s c\u00e9lj\u00e1b\u00f3l. Az adatf\u00e1jlok haszn\u00e1lat\u00e1nak eredm\u00e9nyek\u00e9ppen az \u00dczemeltet\u0151h\u00f6z ker\u00fclt adatokat az \u00dczemeltet\u0151 nem kapcsolja az adott felhaszn\u00e1l\u00f3 azonos\u00edt\u00f3 adataihoz. Az \u00fan. session cookie-k a cookie-kben be\u00e1ll\u00edtott hat\u00e1rid\u0151 v\u00e9g\u00e9vel automatikusan t\u00f6rl\u0151dnek.<\/p>\n<p>A felhaszn\u00e1l\u00f3nak b\u00f6ng\u00e9sz\u0151j\u00e9ben a cookie-k vonatkoz\u00e1s\u00e1ban az al\u00e1bbi lehet\u0151s\u00e9gei vannak:<\/p>\n<p>* be\u00e1ll\u00edthatja, hogy \u00e9rtes\u00edt\u00e9st kapjon arr\u00f3l, ha az \u00dczemeltet\u0151 cookie-t k\u00edv\u00e1n elhelyezni a sz\u00e1m\u00edt\u00f3g\u00e9p\u00e9n,<\/p>\n<p>* a cookie-k k\u00fcld\u00e9s\u00e9t b\u00e1rmikor megtilthatja.<\/p>\n<p>E k\u00f6rben kiemelend\u0151, hogy a cookie-k el nem fogad\u00e1sa azt eredm\u00e9nyezi, hogy ezzel \u00f6sszef\u00fcgg\u00e9sben bizonyos oldalak vagy funkci\u00f3k nem m\u0171k\u00f6dnek megfelel\u0151en, valamint lehets\u00e9ges, hogy a felhaszn\u00e1l\u00f3 nem kap jogosults\u00e1got bizonyos adatokhoz val\u00f3 hozz\u00e1f\u00e9r\u00e9shez. A cookie-kal kapcsolatos tov\u00e1bbi inform\u00e1ci\u00f3 a http:\/\/www.cookiecentral.com c\u00edmen \u00e9rhet\u0151 el.<\/p>\n<p>Az \u00dczemeltet\u0151 \u00e1ltal elhelyezett cookie-kon t\u00fal a felhaszn\u00e1l\u00f3 g\u00e9p\u00e9re harmadik szem\u00e9lyek is telep\u00edthetnek adatf\u00e1jlokat. Ilyen eset lehet p\u00e9ld\u00e1ul ha a felhaszn\u00e1l\u00f3 a Szolg\u00e1ltat\u00e1s keret\u00e9n bel\u00fcl ell\u00e1togat egy m\u00e1sik weboldalra.<\/p>\n<p>7. Google<\/p>\n<p>7.1 Google Adsense<\/p>\n<p>Az oldalon az Google Adsense hirdet\u00e9si rendszer keret\u00e9ben rekl\u00e1mokat jelen\u00edt\u00fcnk meg. A rendszer adatokat gy\u0171jt a hirdet\u00e9sre kattint\u00f3 felhaszn\u00e1l\u00f3kr\u00f3l az\u00e9rt, hogy ne zavar\u00f3, hanem az oldal tartalm\u00e1hoz kapcsol\u00f3d\u00f3 rekl\u00e1mok jelenjenek meg. Ezen adatok k\u00f6r\u00e9r\u0151l, illetve felhaszn\u00e1l\u00e1si m\u00f3dj\u00e1r\u00f3l k\u00e9rem olvassa el a Google Adatv\u00e9delmi ir\u00e1nyelveit.<\/p>\n<p>* A Google, mint k\u00fcls\u0151 sz\u00e1ll\u00edt\u00f3 cookie-kat haszn\u00e1l hirdet\u00e9sek megjelen\u00edt\u00e9s\u00e9re ezen a webhely\u00e9n.<\/p>\n<p>* A Google \u00e1ltal haszn\u00e1lt DART cookie lehet\u0151v\u00e9 teszi, hogy a felhaszn\u00e1l\u00f3k sz\u00e1m\u00e1ra a hirdet\u00e9seket az internet egy\u00e9b helyein v\u00e9gzett l\u00e1togat\u00e1saik alapj\u00e1n jelen\u00edtse meg.<\/p>\n<p>* A felhaszn\u00e1l\u00f3k kikapcsolhatj\u00e1k a DART cookie haszn\u00e1lat\u00e1t a Google hirdet\u00e9sekre \u00e9s tartalmi h\u00e1l\u00f3zatra vonatkoz\u00f3 adatv\u00e9delmi ir\u00e1nyelvek felkeres\u00e9s\u00e9vel.<\/p>\n<p>7.2 Google Analytics<\/p>\n<p>Jelen weboldal a Google, Inc. (\u201cGoogle\u201d) \u00e1ltal ny\u00fajtott Google Analitika webanalitikai szolg\u00e1ltat\u00e1st haszn\u00e1lja. A Google Analitika \u201cs\u00fctiket\u201d (\u201ccookies\u201d), az \u00d6n sz\u00e1m\u00edt\u00f3g\u00e9p\u00e9n elhelyezett sz\u00f6vegf\u00e1jlokat haszn\u00e1l, melyek c\u00e9lja, hogy seg\u00edtse a weboldal haszn\u00e1lat\u00e1nak elemz\u00e9s\u00e9t. A \u201cs\u00fcti\u201d \u00e1ltal gener\u00e1lt, a weboldal haszn\u00e1lat\u00e1ra vonatkoz\u00f3 inform\u00e1ci\u00f3kat (bele\u00e9rtve az \u00d6n IP-c\u00edm\u00e9t) a Google egyes\u00fclt \u00e1llamokbeli szervereire tov\u00e1bb\u00edtja \u00e9s ott t\u00e1rolja. A Google ezeket az inform\u00e1ci\u00f3kat a weboldal \u00d6n \u00e1ltal t\u00f6rt\u00e9n\u0151 haszn\u00e1lat\u00e1nak \u00e9rt\u00e9kel\u00e9s\u00e9re, a weboldalon v\u00e9grehajtott tev\u00e9kenys\u00e9gekr\u0151l sz\u00f3l\u00f3 riportoknak a weboldalak \u00fczemeltet\u0151i r\u00e9sz\u00e9re t\u00f6rt\u00e9n\u0151 \u00f6ssze\u00e1ll\u00edt\u00e1s\u00e1ra, valamint a weboldalon v\u00e9grehajtott tev\u00e9kenys\u00e9gekkel \u00e9s az internethaszn\u00e1lattal kapcsolatos egy\u00e9b szolg\u00e1ltat\u00e1sok ny\u00fajt\u00e1s\u00e1ra haszn\u00e1lja. A Google tov\u00e1bb\u00e1 \u00e1tadhatja ezeket az inform\u00e1ci\u00f3kat harmadik felek r\u00e9sz\u00e9re, amennyiben ezt t\u00f6rv\u00e9ny \u00edrja el\u0151, vagy az adott harmadik felek a Google megb\u00edz\u00e1s\u00e1b\u00f3l feldolgozz\u00e1k az inform\u00e1ci\u00f3kat. A Google nem t\u00e1rs\u00edtja az \u00d6n IP c\u00edm\u00e9t a Google birtok\u00e1ban l\u00e9v\u0151 egy\u00e9b adatokkal. B\u00f6ng\u00e9sz\u0151je megfelel\u0151 be\u00e1ll\u00edt\u00e1sainak kiv\u00e1laszt\u00e1s\u00e1val \u00d6n visszautas\u00edthatja a \u201cs\u00fctik\u201d haszn\u00e1lat\u00e1t, azonban felh\u00edvjuk figyelm\u00e9t, hogy ez esetben \u00d6n nem fogja tudni kihaszn\u00e1lni jelen weboldal \u00f6sszes funkci\u00f3j\u00e1t. A jelen weboldal haszn\u00e1lat\u00e1val \u00d6n hozz\u00e1j\u00e1rul adatainak feldolgoz\u00e1s\u00e1hoz a fentiekben meghat\u00e1rozott m\u00f3don \u00e9s a fentiekben meghat\u00e1rozott c\u00e9lokra.<\/p>\n<p>Mennyi ideig \u0151rizz\u00fck a szem\u00e9lyes adatot<br \/>\nHa hozz\u00e1sz\u00f3lunk, a hozz\u00e1sz\u00f3l\u00e1s \u00e9s annak metaadatai nem meghat\u00e1rozhat\u00f3 ideig a rendszerben maradnak. Ennek c\u00e9lja, hogy az \u00f6sszes ezt k\u00f6vet\u0151 b\u00e1rmely hozz\u00e1sz\u00f3l\u00e1s \u00e1ltalunk megismertt\u00e9 \u00e9s j\u00f3v\u00e1hagyott\u00e1 v\u00e1ljon, azaz ne ker\u00fclj\u00f6n fel a moder\u00e1land\u00f3 hozz\u00e1sz\u00f3l\u00e1sok list\u00e1j\u00e1ra.<\/p>\n<p>A honlapon regisztr\u00e1lt felhaszn\u00e1l\u00f3k (ha vannak ilyenek) szem\u00e9lyes adatai a saj\u00e1t felhaszn\u00e1l\u00f3i profiljukban is t\u00e1rol\u00e1sra ker\u00fclnek. Minden felhaszn\u00e1l\u00f3 megtekintheti, szerkesztheti vagy t\u00f6r\u00f6lheti a szem\u00e9lyes adatait b\u00e1rmikor (kiv\u00e9ve, hogy nem v\u00e1ltoztathatja meg a saj\u00e1t felhaszn\u00e1l\u00f3i nev\u00e9t). A honlap rendszergazd\u00e1i ezen inform\u00e1ci\u00f3kat szint\u00e9n megtekinthetik \u00e9s szerkeszthetik.<\/p>\n<p>Milyen jogokkal rendelkezik a felhaszn\u00e1l\u00f3 a saj\u00e1t adatai kapcs\u00e1n<br \/>\nA weboldalon regisztr\u00e1lt fi\u00f3k vagy hozz\u00e1sz\u00f3l\u00e1s \u00edr\u00e1sa eset\u00e9n k\u00e9rhet\u0151 a szem\u00e9lyes adatok export f\u00e1jlban t\u00f6rt\u00e9n\u0151 megk\u00fcld\u00e9se, amely b\u00e1rmilyen adatot tartalmaz, amit kor\u00e1bban a felhaszn\u00e1l\u00f3 rendelkez\u00e9s\u00fcnkre bocs\u00e1tott. K\u00e9rhet\u0151 tov\u00e1bb\u00e1, hogy b\u00e1rmilyen kor\u00e1bban megadott szem\u00e9lyes adatot t\u00f6r\u00f6lj\u00fck. Ez nem vonatkozik azokra az adatokra, amelyeket adminisztr\u00e1ci\u00f3s, jogi vagy biztons\u00e1gi okokb\u00f3l k\u00f6telez\u0151 meg\u0151rizn\u00fcnk.<\/p>\n<p>Hov\u00e1 tov\u00e1bb\u00edtjuk az adatokat<br \/>\nA l\u00e1togat\u00f3k \u00e1ltal bek\u00fcld\u00f6tt hozz\u00e1sz\u00f3l\u00e1sokat automatikus spamsz\u0171r\u0151 szolg\u00e1ltat\u00e1s ellen\u0151rizheti.<\/p>\n<p>Kapcsolati adatok<br \/>\nhirekegyhelyen.live weboldal (tov\u00e1bbiakban: Szolg\u00e1ltat\u00f3) m\u0171k\u00f6d\u00e9s\u00e9re az elektronikus kereskedelmi szolg\u00e1ltat\u00e1sok, valamint az inform\u00e1ci\u00f3s t\u00e1rsadalommal \u00f6sszef\u00fcgg\u0151 szolg\u00e1ltat\u00e1sok egyes k\u00e9rd\u00e9seir\u0151l sz\u00f3l\u00f3 2001. \u00e9vi CVIII. t\u00f6rv\u00e9ny (tov\u00e1bbiakban: Ektv.) szab\u00e1lyoz\u00e1sai vonatkoznak.<\/p>\n<p>Az Ektv. 2. \u00a7 (1) alapj\u00e1n \u201eInform\u00e1ci\u00f3s t\u00e1rsadalommal \u00f6sszef\u00fcgg\u0151 szolg\u00e1ltat\u00e1s ny\u00fajt\u00e1s\u00e1nak megkezd\u00e9s\u00e9hez, illetve folytat\u00e1s\u00e1hoz el\u0151zetes enged\u00e9ly vagy b\u00e1rmely ezzel azonos joghat\u00e1s\u00fa hat\u00f3s\u00e1gi hat\u00e1rozat nem sz\u00fcks\u00e9ges\u201d.<\/p>\n<p>Szolg\u00e1ltat\u00f3 az Ektv. 2. \u00a7 ld) bekezd\u00e9s\u00e9ben r\u00f6gz\u00edtettek alapj\u00e1n, mint k\u00f6zvet\u00edt\u0151 szolg\u00e1ltat\u00f3 az \u201einform\u00e1ci\u00f3k megtal\u00e1l\u00e1s\u00e1t el\u0151seg\u00edt\u0151 seg\u00e9deszk\u00f6z\u00f6ket biztos\u00edt az ig\u00e9nybe vev\u0151 sz\u00e1m\u00e1ra (keres\u0151szolg\u00e1ltat\u00e1s)\u201d. Az Ektv. 2. \u00a7 e) bekezd\u00e9se \u00e9rtelm\u00e9ben: \u201eInform\u00e1ci\u00f3: b\u00e1rmely, elektronikus \u00faton feldolgozhat\u00f3, t\u00e1rolhat\u00f3, tov\u00e1bb\u00edthat\u00f3 adat, jel, k\u00e9p..<\/p>\n<p>A Szolg\u00e1ltat\u00f3 \u00e1ltal fenntartott weboldal egy tematikusan kategoriz\u00e1lt, tartalmi elemeket megjelen\u00edt\u0151, k\u00f6zvet\u00edtet\u0151 szolg\u00e1ltat\u00e1s. Az Ektv. 7. \u00a7 (2) \u00e9rtelm\u00e9ben \u201ea k\u00f6zvet\u00edt\u0151 szolg\u00e1ltat\u00f3 a m\u00e1s \u00e1ltal rendelkez\u00e9sre bocs\u00e1tott, a k\u00f6zvet\u00edt\u0151 szolg\u00e1ltat\u00f3 \u00e1ltal\u2026 tov\u00e1bb\u00edtott, t\u00e1rolt vagy hozz\u00e1f\u00e9rhet\u0151v\u00e9 tett inform\u00e1ci\u00f3\u00e9rt\u2026 nem felel\u201d. A megosztott inform\u00e1ci\u00f3k\u00e9rt teljes felel\u0151ss\u00e9ggel az eredeti, t\u00e9nyleges tartalomszolg\u00e1ltat\u00f3 tartozik.<\/p>\n<p>Az Ektv. 7. \u00a7 (3) \u00e9rtelm\u00e9ben \u201ea k\u00f6zvet\u00edt\u0151 szolg\u00e1ltat\u00f3 nem k\u00f6teles ellen\u0151rizni az \u00e1ltala csak tov\u00e1bb\u00edtott, t\u00e1rolt, hozz\u00e1f\u00e9rhet\u0151v\u00e9 tett inform\u00e1ci\u00f3t<\/p>\n","protected":false},"excerpt":{"rendered":"<p>Adatkezel\u00e9si t\u00e1j\u00e9koztat\u00f3 Adatv\u00e9delmi nyilatkozat Kik vagyunk A weboldalunk c\u00edme: https:\/\/hirekegyhelyen.live\/napihirek Melyek azok a szem\u00e9lyes adatok, amiket gy\u0171jt\u00fcnk \u00e9s milyen c\u00e9llal&#8230; <span class=\"gridview-grid-post-read-more\"><a href=\"https:\/\/hirekegyhelyen.live\/napihirek\/adatkezelesi-tajekoztato\/\">read more<span class=\"gridview-sr-only\"> Adatkezel\u00e9si t\u00e1j\u00e9koztat\u00f3<\/span><\/a><\/span><\/p>\n","protected":false},"author":1,"featured_media":0,"parent":0,"menu_order":0,"comment_status":"closed","ping_status":"open","template":"","meta":{"footnotes":""},"class_list":["post-3","page","type-page","status-publish","hentry"],"_links":{"self":[{"href":"https:\/\/hirekegyhelyen.live\/napihirek\/wp-json\/wp\/v2\/pages\/3","targetHints":{"allow":["GET"]}}],"collection":[{"href":"https:\/\/hirekegyhelyen.live\/napihirek\/wp-json\/wp\/v2\/pages"}],"about":[{"href":"https:\/\/hirekegyhelyen.live\/napihirek\/wp-json\/wp\/v2\/types\/page"}],"author":[{"embeddable":true,"href":"https:\/\/hirekegyhelyen.live\/napihirek\/wp-json\/wp\/v2\/users\/1"}],"replies":[{"embeddable":true,"href":"https:\/\/hirekegyhelyen.live\/napihirek\/wp-json\/wp\/v2\/comments?post=3"}],"version-history":[{"count":1,"href":"https:\/\/hirekegyhelyen.live\/napihirek\/wp-json\/wp\/v2\/pages\/3\/revisions"}],"predecessor-version":[{"id":7,"href":"https:\/\/hirekegyhelyen.live\/napihirek\/wp-json\/wp\/v2\/pages\/3\/revisions\/7"}],"wp:attachment":[{"href":"https:\/\/hirekegyhelyen.live\/napihirek\/wp-json\/wp\/v2\/media?parent=3"}],"curies":[{"name":"wp","href":"https:\/\/api.w.org\/{rel}","templated":true}]}}